{"id":10,"date":"2024-02-12T15:25:16","date_gmt":"2024-02-12T14:25:16","guid":{"rendered":"http:\/\/drukarnia.piorniczek.com\/?page_id=10"},"modified":"2024-02-14T11:16:42","modified_gmt":"2024-02-14T10:16:42","slug":"o-nas","status":"publish","type":"page","link":"http:\/\/drukarnia.piorniczek.com\/index.php\/o-nas\/","title":{"rendered":"O nas"},"content":{"rendered":"\n<p>Od 2019 roku jeste\u015bmy dumnie obecni na rynku jako firma Pi\u00f3rniczek Artyku\u0142y Szkolne. Nasz\u0105 misj\u0105 jest dostarczanie wysokiej jako\u015bci artyku\u0142\u00f3w szkolnych i biurowych, aby u\u0142atwi\u0107 codzienne wyzwania naszym klientom.<\/p>\n\n\n\n<p>Rozpocz\u0119li\u015bmy nasz\u0105 dzia\u0142alno\u015b\u0107 jako sklep specjalizuj\u0105cy si\u0119 w sprzeda\u017cy artyku\u0142\u00f3w szkolnych, dbaj\u0105c o to, aby ka\u017cde dziecko mia\u0142o wszystko, czego potrzebuje do skutecznego uczenia si\u0119 i rozwijania swoich umiej\u0119tno\u015bci. Nasze produkty nie tylko wspieraj\u0105 proces nauki, ale tak\u017ce inspiruj\u0105 kreatywno\u015b\u0107 i wyra\u017canie siebie poprzez materia\u0142y biurowe, kt\u00f3re oferujemy.<\/p>\n\n\n\n<p>Jednak\u017ce, nasza pasja i zaanga\u017cowanie w obs\u0142ug\u0119 naszych klient\u00f3w zainspirowa\u0142y nas do rozszerzenia naszej oferty. W 2020 roku postanowili\u015bmy poszerzy\u0107 nasz\u0105 dzia\u0142alno\u015b\u0107 o wydruki i us\u0142ugi poligraficzne. Ta ekspansja umo\u017cliwi\u0142a nam nie tylko spe\u0142nienie rosn\u0105cych potrzeb naszych klient\u00f3w, ale tak\u017ce dostarczenie kompleksowych rozwi\u0105za\u0144 dla firm, szk\u00f3\u0142 i instytucji, kt\u00f3re szukaj\u0105 profesjonalnych us\u0142ug drukarskich.<\/p>\n\n\n\n<p>13 pa\u017adziernika 2023 roku osi\u0105gn\u0119li\u015bmy kolejny kamie\u0144 milowy w naszej historii, staj\u0105c si\u0119 firm\u0105 o nazwie Pi\u00f3rniczek Sp. z o.o. Ta zmiana umocni\u0142a nasz\u0105 pozycj\u0119 na rynku i pozwoli\u0142a nam dalej rozwija\u0107 nasze us\u0142ugi i produkty, aby lepiej sprosta\u0107 potrzebom naszych klient\u00f3w.<\/p>\n\n\n\n<p>Dzi\u0119ki naszemu do\u015bwiadczeniu, pasji i zaanga\u017cowaniu w dostarczanie wysokiej jako\u015bci us\u0142ug i produkt\u00f3w, jeste\u015bmy dumni z tego, \u017ce mo\u017cemy s\u0142u\u017cy\u0107 naszym klientom jako zaufany partner, kt\u00f3ry wspiera ich w ich codziennych dzia\u0142aniach i celach.<\/p>\n","protected":false},"excerpt":{"rendered":"<p>Od 2019 roku jeste\u015bmy dumnie obecni na rynku jako firma Pi\u00f3rniczek Artyku\u0142y Szkolne. Nasz\u0105 misj\u0105 jest dostarczanie wysokiej jako\u015bci artyku\u0142\u00f3w szkolnych i biurowych, aby u\u0142atwi\u0107 codzienne wyzwania naszym klientom. Rozpocz\u0119li\u015bmy nasz\u0105 dzia\u0142alno\u015b\u0107 jako sklep specjalizuj\u0105cy si\u0119 w sprzeda\u017cy artyku\u0142\u00f3w szkolnych, dbaj\u0105c o to, aby ka\u017cde dziecko mia\u0142o wszystko, czego potrzebuje do skutecznego uczenia si\u0119 i [&hellip;]<\/p>\n","protected":false},"author":1,"featured_media":0,"parent":0,"menu_order":0,"comment_status":"closed","ping_status":"closed","template":"","meta":{"_monsterinsights_skip_tracking":false,"_monsterinsights_sitenote_active":false,"_monsterinsights_sitenote_note":"","_monsterinsights_sitenote_category":0,"footnotes":""},"class_list":["post-10","page","type-page","status-publish","hentry"],"yoast_head":"<!-- This site is optimized with the Yoast SEO plugin v22.0 - https:\/\/yoast.com\/wordpress\/plugins\/seo\/ -->\n<title>O nas - Drukarnia Pi\u00f3rniczek<\/title>\n<meta name=\"robots\" content=\"index, follow, max-snippet:-1, max-image-preview:large, max-video-preview:-1\" \/>\n<link rel=\"canonical\" href=\"http:\/\/drukarnia.piorniczek.com\/index.php\/o-nas\/\" \/>\n<meta property=\"og:locale\" content=\"pl_PL\" \/>\n<meta property=\"og:type\" content=\"article\" \/>\n<meta property=\"og:title\" content=\"O nas - Drukarnia Pi\u00f3rniczek\" \/>\n<meta property=\"og:description\" content=\"Od 2019 roku jeste\u015bmy dumnie obecni na rynku jako firma Pi\u00f3rniczek Artyku\u0142y Szkolne. Nasz\u0105 misj\u0105 jest dostarczanie wysokiej jako\u015bci artyku\u0142\u00f3w szkolnych i biurowych, aby u\u0142atwi\u0107 codzienne wyzwania naszym klientom. Rozpocz\u0119li\u015bmy nasz\u0105 dzia\u0142alno\u015b\u0107 jako sklep specjalizuj\u0105cy si\u0119 w sprzeda\u017cy artyku\u0142\u00f3w szkolnych, dbaj\u0105c o to, aby ka\u017cde dziecko mia\u0142o wszystko, czego potrzebuje do skutecznego uczenia si\u0119 i [&hellip;]\" \/>\n<meta property=\"og:url\" content=\"http:\/\/drukarnia.piorniczek.com\/index.php\/o-nas\/\" \/>\n<meta property=\"og:site_name\" content=\"Drukarnia Pi\u00f3rniczek\" \/>\n<meta property=\"article:modified_time\" content=\"2024-02-14T10:16:42+00:00\" \/>\n<meta name=\"twitter:card\" content=\"summary_large_image\" \/>\n<meta name=\"twitter:label1\" content=\"Szacowany czas czytania\" \/>\n\t<meta name=\"twitter:data1\" content=\"2 minuty\" \/>\n<script type=\"application\/ld+json\" class=\"yoast-schema-graph\">{\"@context\":\"https:\/\/schema.org\",\"@graph\":[{\"@type\":\"WebPage\",\"@id\":\"http:\/\/drukarnia.piorniczek.com\/index.php\/o-nas\/\",\"url\":\"http:\/\/drukarnia.piorniczek.com\/index.php\/o-nas\/\",\"name\":\"O nas - Drukarnia Pi\u00f3rniczek\",\"isPartOf\":{\"@id\":\"http:\/\/drukarnia.piorniczek.com\/#website\"},\"datePublished\":\"2024-02-12T14:25:16+00:00\",\"dateModified\":\"2024-02-14T10:16:42+00:00\",\"breadcrumb\":{\"@id\":\"http:\/\/drukarnia.piorniczek.com\/index.php\/o-nas\/#breadcrumb\"},\"inLanguage\":\"pl-PL\",\"potentialAction\":[{\"@type\":\"ReadAction\",\"target\":[\"http:\/\/drukarnia.piorniczek.com\/index.php\/o-nas\/\"]}]},{\"@type\":\"BreadcrumbList\",\"@id\":\"http:\/\/drukarnia.piorniczek.com\/index.php\/o-nas\/#breadcrumb\",\"itemListElement\":[{\"@type\":\"ListItem\",\"position\":1,\"name\":\"Strona g\u0142\u00f3wna\",\"item\":\"http:\/\/drukarnia.piorniczek.com\/\"},{\"@type\":\"ListItem\",\"position\":2,\"name\":\"O nas\"}]},{\"@type\":\"WebSite\",\"@id\":\"http:\/\/drukarnia.piorniczek.com\/#website\",\"url\":\"http:\/\/drukarnia.piorniczek.com\/\",\"name\":\"Drukarnia Pi\u00f3rniczek\",\"description\":\"Twoje pomys\u0142y, nasza pasja, tw\u00f3j druk.\",\"potentialAction\":[{\"@type\":\"SearchAction\",\"target\":{\"@type\":\"EntryPoint\",\"urlTemplate\":\"http:\/\/drukarnia.piorniczek.com\/?s={search_term_string}\"},\"query-input\":\"required name=search_term_string\"}],\"inLanguage\":\"pl-PL\"}]}<\/script>\n<!-- \/ Yoast SEO plugin. -->","yoast_head_json":{"title":"O nas - Drukarnia Pi\u00f3rniczek","robots":{"index":"index","follow":"follow","max-snippet":"max-snippet:-1","max-image-preview":"max-image-preview:large","max-video-preview":"max-video-preview:-1"},"canonical":"http:\/\/drukarnia.piorniczek.com\/index.php\/o-nas\/","og_locale":"pl_PL","og_type":"article","og_title":"O nas - Drukarnia Pi\u00f3rniczek","og_description":"Od 2019 roku jeste\u015bmy dumnie obecni na rynku jako firma Pi\u00f3rniczek Artyku\u0142y Szkolne. Nasz\u0105 misj\u0105 jest dostarczanie wysokiej jako\u015bci artyku\u0142\u00f3w szkolnych i biurowych, aby u\u0142atwi\u0107 codzienne wyzwania naszym klientom. Rozpocz\u0119li\u015bmy nasz\u0105 dzia\u0142alno\u015b\u0107 jako sklep specjalizuj\u0105cy si\u0119 w sprzeda\u017cy artyku\u0142\u00f3w szkolnych, dbaj\u0105c o to, aby ka\u017cde dziecko mia\u0142o wszystko, czego potrzebuje do skutecznego uczenia si\u0119 i [&hellip;]","og_url":"http:\/\/drukarnia.piorniczek.com\/index.php\/o-nas\/","og_site_name":"Drukarnia Pi\u00f3rniczek","article_modified_time":"2024-02-14T10:16:42+00:00","twitter_card":"summary_large_image","twitter_misc":{"Szacowany czas czytania":"2 minuty"},"schema":{"@context":"https:\/\/schema.org","@graph":[{"@type":"WebPage","@id":"http:\/\/drukarnia.piorniczek.com\/index.php\/o-nas\/","url":"http:\/\/drukarnia.piorniczek.com\/index.php\/o-nas\/","name":"O nas - Drukarnia Pi\u00f3rniczek","isPartOf":{"@id":"http:\/\/drukarnia.piorniczek.com\/#website"},"datePublished":"2024-02-12T14:25:16+00:00","dateModified":"2024-02-14T10:16:42+00:00","breadcrumb":{"@id":"http:\/\/drukarnia.piorniczek.com\/index.php\/o-nas\/#breadcrumb"},"inLanguage":"pl-PL","potentialAction":[{"@type":"ReadAction","target":["http:\/\/drukarnia.piorniczek.com\/index.php\/o-nas\/"]}]},{"@type":"BreadcrumbList","@id":"http:\/\/drukarnia.piorniczek.com\/index.php\/o-nas\/#breadcrumb","itemListElement":[{"@type":"ListItem","position":1,"name":"Strona g\u0142\u00f3wna","item":"http:\/\/drukarnia.piorniczek.com\/"},{"@type":"ListItem","position":2,"name":"O nas"}]},{"@type":"WebSite","@id":"http:\/\/drukarnia.piorniczek.com\/#website","url":"http:\/\/drukarnia.piorniczek.com\/","name":"Drukarnia Pi\u00f3rniczek","description":"Twoje pomys\u0142y, nasza pasja, tw\u00f3j druk.","potentialAction":[{"@type":"SearchAction","target":{"@type":"EntryPoint","urlTemplate":"http:\/\/drukarnia.piorniczek.com\/?s={search_term_string}"},"query-input":"required name=search_term_string"}],"inLanguage":"pl-PL"}]}},"_links":{"self":[{"href":"http:\/\/drukarnia.piorniczek.com\/index.php\/wp-json\/wp\/v2\/pages\/10","targetHints":{"allow":["GET"]}}],"collection":[{"href":"http:\/\/drukarnia.piorniczek.com\/index.php\/wp-json\/wp\/v2\/pages"}],"about":[{"href":"http:\/\/drukarnia.piorniczek.com\/index.php\/wp-json\/wp\/v2\/types\/page"}],"author":[{"embeddable":true,"href":"http:\/\/drukarnia.piorniczek.com\/index.php\/wp-json\/wp\/v2\/users\/1"}],"replies":[{"embeddable":true,"href":"http:\/\/drukarnia.piorniczek.com\/index.php\/wp-json\/wp\/v2\/comments?post=10"}],"version-history":[{"count":2,"href":"http:\/\/drukarnia.piorniczek.com\/index.php\/wp-json\/wp\/v2\/pages\/10\/revisions"}],"predecessor-version":[{"id":53,"href":"http:\/\/drukarnia.piorniczek.com\/index.php\/wp-json\/wp\/v2\/pages\/10\/revisions\/53"}],"wp:attachment":[{"href":"http:\/\/drukarnia.piorniczek.com\/index.php\/wp-json\/wp\/v2\/media?parent=10"}],"curies":[{"name":"wp","href":"https:\/\/api.w.org\/{rel}","templated":true}]}}